{"id":145,"date":"2019-08-20T06:04:34","date_gmt":"2019-08-20T04:04:34","guid":{"rendered":"https:\/\/vsm.vivoptim-solutions.com\/programs\/"},"modified":"2025-01-15T14:17:52","modified_gmt":"2025-01-15T13:17:52","slug":"thematiques","status":"publish","type":"page","link":"https:\/\/vsm.vivoptim-solutions.com\/?page_id=145","title":{"rendered":"Th\u00e9matiques"},"content":{"rendered":"\t\t<div data-elementor-type=\"wp-post\" data-elementor-id=\"145\" class=\"elementor elementor-145\">\n\t\t\t\t\t\t<section class=\"elementor-section elementor-top-section elementor-element elementor-element-74ba2fac elementor-section-boxed elementor-section-height-default elementor-section-height-default\" data-id=\"74ba2fac\" data-element_type=\"section\" data-e-type=\"section\" data-settings=\"{&quot;background_background&quot;:&quot;classic&quot;,&quot;shape_divider_bottom&quot;:&quot;triangle&quot;,&quot;shape_divider_bottom_negative&quot;:&quot;yes&quot;}\">\n\t\t\t\t\t\t\t<div class=\"elementor-background-overlay\"><\/div>\n\t\t\t\t\t\t<div class=\"elementor-shape elementor-shape-bottom\" aria-hidden=\"true\" data-negative=\"true\">\n\t\t\t<svg xmlns=\"http:\/\/www.w3.org\/2000\/svg\" viewBox=\"0 0 1000 100\" preserveAspectRatio=\"none\">\n\t<path class=\"elementor-shape-fill\" d=\"M500.2,94.7L0,0v100h1000V0L500.2,94.7z\"\/>\n<\/svg>\t\t<\/div>\n\t\t\t\t\t<div class=\"elementor-container elementor-column-gap-default\">\n\t\t\t\t\t<div class=\"elementor-column elementor-col-100 elementor-top-column elementor-element elementor-element-23262dea\" data-id=\"23262dea\" data-element_type=\"column\" data-e-type=\"column\">\n\t\t\t<div class=\"elementor-widget-wrap elementor-element-populated\">\n\t\t\t\t\t\t<div class=\"elementor-element elementor-element-27af6558 elementor-widget elementor-widget-heading\" data-id=\"27af6558\" data-element_type=\"widget\" data-e-type=\"widget\" data-settings=\"{&quot;_animation&quot;:&quot;none&quot;}\" data-widget_type=\"heading.default\">\n\t\t\t\t<div class=\"elementor-widget-container\">\n\t\t\t\t\t<h2 class=\"elementor-heading-title elementor-size-default\">Nos th\u00e9matiques<\/h2>\t\t\t\t<\/div>\n\t\t\t\t<\/div>\n\t\t\t\t\t<\/div>\n\t\t<\/div>\n\t\t\t\t\t<\/div>\n\t\t<\/section>\n\t\t\t\t<section class=\"elementor-section elementor-top-section elementor-element elementor-element-af92518 elementor-section-boxed elementor-section-height-default elementor-section-height-default\" data-id=\"af92518\" data-element_type=\"section\" data-e-type=\"section\">\n\t\t\t\t\t\t<div class=\"elementor-container elementor-column-gap-default\">\n\t\t\t\t\t<div class=\"elementor-column elementor-col-33 elementor-top-column elementor-element elementor-element-ef18818\" data-id=\"ef18818\" data-element_type=\"column\" data-e-type=\"column\">\n\t\t\t<div class=\"elementor-widget-wrap elementor-element-populated\">\n\t\t\t\t\t\t<div class=\"elementor-element elementor-element-a7f688d animated-fast elementor-position-top elementor-invisible elementor-widget elementor-widget-image-box\" data-id=\"a7f688d\" data-element_type=\"widget\" data-e-type=\"widget\" data-settings=\"{&quot;_animation&quot;:&quot;bounceIn&quot;}\" data-widget_type=\"image-box.default\">\n\t\t\t\t<div class=\"elementor-widget-container\">\n\t\t\t\t\t<div class=\"elementor-image-box-wrapper\"><figure class=\"elementor-image-box-img\"><a href=\"https:\/\/vsm.vivoptim-solutions.com\/activite-physique\/\" tabindex=\"-1\"><img fetchpriority=\"high\" decoding=\"async\" width=\"724\" height=\"483\" src=\"https:\/\/vsm.vivoptim-solutions.com\/wp-content\/uploads\/2023\/04\/Votre-circuit-training-special-Cardio.jpeg\" class=\"attachment-full size-full wp-image-1787\" alt=\"\" srcset=\"https:\/\/vsm.vivoptim-solutions.com\/wp-content\/uploads\/2023\/04\/Votre-circuit-training-special-Cardio.jpeg 724w, https:\/\/vsm.vivoptim-solutions.com\/wp-content\/uploads\/2023\/04\/Votre-circuit-training-special-Cardio-300x200.jpeg 300w\" sizes=\"(max-width: 724px) 100vw, 724px\" \/><\/a><\/figure><div class=\"elementor-image-box-content\"><h3 class=\"elementor-image-box-title\"><a href=\"https:\/\/vsm.vivoptim-solutions.com\/activite-physique\/\">Activit\u00e9 physique <\/a><\/h3><\/div><\/div>\t\t\t\t<\/div>\n\t\t\t\t<\/div>\n\t\t\t\t\t<\/div>\n\t\t<\/div>\n\t\t\t\t<div class=\"elementor-column elementor-col-33 elementor-top-column elementor-element elementor-element-415a92a\" data-id=\"415a92a\" data-element_type=\"column\" data-e-type=\"column\">\n\t\t\t<div class=\"elementor-widget-wrap elementor-element-populated\">\n\t\t\t\t\t\t<div class=\"elementor-element elementor-element-623d3cf elementor-position-top elementor-invisible elementor-widget elementor-widget-image-box\" data-id=\"623d3cf\" data-element_type=\"widget\" data-e-type=\"widget\" data-settings=\"{&quot;_animation&quot;:&quot;bounceIn&quot;}\" data-widget_type=\"image-box.default\">\n\t\t\t\t<div class=\"elementor-widget-container\">\n\t\t\t\t\t<div class=\"elementor-image-box-wrapper\"><figure class=\"elementor-image-box-img\"><a href=\"https:\/\/vsm.vivoptim-solutions.com\/addiction\/\" tabindex=\"-1\"><img decoding=\"async\" width=\"726\" height=\"485\" src=\"https:\/\/vsm.vivoptim-solutions.com\/wp-content\/uploads\/2023\/05\/Tabac-un-facteur-de-risque.png\" class=\"attachment-full size-full wp-image-2017\" alt=\"\" srcset=\"https:\/\/vsm.vivoptim-solutions.com\/wp-content\/uploads\/2023\/05\/Tabac-un-facteur-de-risque.png 726w, https:\/\/vsm.vivoptim-solutions.com\/wp-content\/uploads\/2023\/05\/Tabac-un-facteur-de-risque-300x200.png 300w\" sizes=\"(max-width: 726px) 100vw, 726px\" \/><\/a><\/figure><div class=\"elementor-image-box-content\"><h3 class=\"elementor-image-box-title\"><a href=\"https:\/\/vsm.vivoptim-solutions.com\/addiction\/\">Addiction<\/a><\/h3><\/div><\/div>\t\t\t\t<\/div>\n\t\t\t\t<\/div>\n\t\t\t\t\t<\/div>\n\t\t<\/div>\n\t\t\t\t<div class=\"elementor-column elementor-col-33 elementor-top-column elementor-element elementor-element-ed690b1\" data-id=\"ed690b1\" data-element_type=\"column\" data-e-type=\"column\">\n\t\t\t<div class=\"elementor-widget-wrap elementor-element-populated\">\n\t\t\t\t\t\t<div class=\"elementor-element elementor-element-69c48e0 animated-slow elementor-position-top elementor-invisible elementor-widget elementor-widget-image-box\" data-id=\"69c48e0\" data-element_type=\"widget\" data-e-type=\"widget\" data-settings=\"{&quot;_animation&quot;:&quot;bounceIn&quot;}\" data-widget_type=\"image-box.default\">\n\t\t\t\t<div class=\"elementor-widget-container\">\n\t\t\t\t\t<div class=\"elementor-image-box-wrapper\"><figure class=\"elementor-image-box-img\"><a href=\"https:\/\/vsm.vivoptim-solutions.com\/alimentation\/\" tabindex=\"-1\"><img decoding=\"async\" width=\"726\" height=\"485\" src=\"https:\/\/vsm.vivoptim-solutions.com\/wp-content\/uploads\/2023\/05\/ref_001694.png\" class=\"attachment-full size-full wp-image-2170\" alt=\"\" srcset=\"https:\/\/vsm.vivoptim-solutions.com\/wp-content\/uploads\/2023\/05\/ref_001694.png 726w, https:\/\/vsm.vivoptim-solutions.com\/wp-content\/uploads\/2023\/05\/ref_001694-300x200.png 300w\" sizes=\"(max-width: 726px) 100vw, 726px\" \/><\/a><\/figure><div class=\"elementor-image-box-content\"><h3 class=\"elementor-image-box-title\"><a href=\"https:\/\/vsm.vivoptim-solutions.com\/alimentation\/\">Alimentation<\/a><\/h3><\/div><\/div>\t\t\t\t<\/div>\n\t\t\t\t<\/div>\n\t\t\t\t\t<\/div>\n\t\t<\/div>\n\t\t\t\t\t<\/div>\n\t\t<\/section>\n\t\t\t\t<section class=\"elementor-section elementor-top-section elementor-element elementor-element-e9e9ce3 elementor-section-boxed elementor-section-height-default elementor-section-height-default\" data-id=\"e9e9ce3\" data-element_type=\"section\" data-e-type=\"section\">\n\t\t\t\t\t\t<div class=\"elementor-container elementor-column-gap-default\">\n\t\t\t\t\t<div class=\"elementor-column elementor-col-33 elementor-top-column elementor-element elementor-element-6f9bfff\" data-id=\"6f9bfff\" data-element_type=\"column\" data-e-type=\"column\">\n\t\t\t<div class=\"elementor-widget-wrap elementor-element-populated\">\n\t\t\t\t\t\t<div class=\"elementor-element elementor-element-d0f3466 animated-fast elementor-position-top elementor-invisible elementor-widget elementor-widget-image-box\" data-id=\"d0f3466\" data-element_type=\"widget\" data-e-type=\"widget\" data-settings=\"{&quot;_animation&quot;:&quot;bounceIn&quot;}\" data-widget_type=\"image-box.default\">\n\t\t\t\t<div class=\"elementor-widget-container\">\n\t\t\t\t\t<div class=\"elementor-image-box-wrapper\"><figure class=\"elementor-image-box-img\"><a href=\"https:\/\/vsm.vivoptim-solutions.com\/sommeil\/\" tabindex=\"-1\"><img loading=\"lazy\" decoding=\"async\" width=\"725\" height=\"485\" src=\"https:\/\/vsm.vivoptim-solutions.com\/wp-content\/uploads\/2023\/05\/Comprendre-les-cycles-et-horloges-qui-regissent-le-sommeil.png\" class=\"attachment-full size-full wp-image-2233\" alt=\"\" srcset=\"https:\/\/vsm.vivoptim-solutions.com\/wp-content\/uploads\/2023\/05\/Comprendre-les-cycles-et-horloges-qui-regissent-le-sommeil.png 725w, https:\/\/vsm.vivoptim-solutions.com\/wp-content\/uploads\/2023\/05\/Comprendre-les-cycles-et-horloges-qui-regissent-le-sommeil-300x201.png 300w\" sizes=\"(max-width: 725px) 100vw, 725px\" \/><\/a><\/figure><div class=\"elementor-image-box-content\"><h3 class=\"elementor-image-box-title\"><a href=\"https:\/\/vsm.vivoptim-solutions.com\/sommeil\/\">Sommeil <\/a><\/h3><\/div><\/div>\t\t\t\t<\/div>\n\t\t\t\t<\/div>\n\t\t\t\t\t<\/div>\n\t\t<\/div>\n\t\t\t\t<div class=\"elementor-column elementor-col-33 elementor-top-column elementor-element elementor-element-daa111d\" data-id=\"daa111d\" data-element_type=\"column\" data-e-type=\"column\">\n\t\t\t<div class=\"elementor-widget-wrap elementor-element-populated\">\n\t\t\t\t\t\t<div class=\"elementor-element elementor-element-ce126e6 elementor-position-top elementor-invisible elementor-widget elementor-widget-image-box\" data-id=\"ce126e6\" data-element_type=\"widget\" data-e-type=\"widget\" data-settings=\"{&quot;_animation&quot;:&quot;bounceIn&quot;}\" data-widget_type=\"image-box.default\">\n\t\t\t\t<div class=\"elementor-widget-container\">\n\t\t\t\t\t<div class=\"elementor-image-box-wrapper\"><figure class=\"elementor-image-box-img\"><a href=\"https:\/\/vsm.vivoptim-solutions.com\/stress\/\" tabindex=\"-1\"><img loading=\"lazy\" decoding=\"async\" width=\"724\" height=\"483\" src=\"https:\/\/vsm.vivoptim-solutions.com\/wp-content\/uploads\/2023\/04\/Pour-gerer-son-stress-la-respiration-regulatrice-des-emotions.jpg\" class=\"attachment-full size-full wp-image-1812\" alt=\"\" srcset=\"https:\/\/vsm.vivoptim-solutions.com\/wp-content\/uploads\/2023\/04\/Pour-gerer-son-stress-la-respiration-regulatrice-des-emotions.jpg 724w, https:\/\/vsm.vivoptim-solutions.com\/wp-content\/uploads\/2023\/04\/Pour-gerer-son-stress-la-respiration-regulatrice-des-emotions-300x200.jpg 300w\" sizes=\"(max-width: 724px) 100vw, 724px\" \/><\/a><\/figure><div class=\"elementor-image-box-content\"><h3 class=\"elementor-image-box-title\"><a href=\"https:\/\/vsm.vivoptim-solutions.com\/stress\/\">Stress<\/a><\/h3><\/div><\/div>\t\t\t\t<\/div>\n\t\t\t\t<\/div>\n\t\t\t\t\t<\/div>\n\t\t<\/div>\n\t\t\t\t<div class=\"elementor-column elementor-col-33 elementor-top-column elementor-element elementor-element-62bb10d\" data-id=\"62bb10d\" data-element_type=\"column\" data-e-type=\"column\">\n\t\t\t<div class=\"elementor-widget-wrap elementor-element-populated\">\n\t\t\t\t\t\t<div class=\"elementor-element elementor-element-d154289 animated-slow elementor-position-top elementor-invisible elementor-widget elementor-widget-image-box\" data-id=\"d154289\" data-element_type=\"widget\" data-e-type=\"widget\" data-settings=\"{&quot;_animation&quot;:&quot;bounceIn&quot;}\" data-widget_type=\"image-box.default\">\n\t\t\t\t<div class=\"elementor-widget-container\">\n\t\t\t\t\t<div class=\"elementor-image-box-wrapper\"><figure class=\"elementor-image-box-img\"><img loading=\"lazy\" decoding=\"async\" width=\"726\" height=\"484\" src=\"https:\/\/vsm.vivoptim-solutions.com\/wp-content\/uploads\/2023\/05\/vivre-avec-sa-maladie.png\" class=\"attachment-full size-full wp-image-2245\" alt=\"\" srcset=\"https:\/\/vsm.vivoptim-solutions.com\/wp-content\/uploads\/2023\/05\/vivre-avec-sa-maladie.png 726w, https:\/\/vsm.vivoptim-solutions.com\/wp-content\/uploads\/2023\/05\/vivre-avec-sa-maladie-300x200.png 300w\" sizes=\"(max-width: 726px) 100vw, 726px\" \/><\/figure><div class=\"elementor-image-box-content\"><h3 class=\"elementor-image-box-title\">G\u00e9rer et vivre avec sa maladie<\/h3><\/div><\/div>\t\t\t\t<\/div>\n\t\t\t\t<\/div>\n\t\t\t\t\t<\/div>\n\t\t<\/div>\n\t\t\t\t\t<\/div>\n\t\t<\/section>\n\t\t\t\t<\/div>\n\t\t","protected":false},"excerpt":{"rendered":"<p>Nos th\u00e9matiques Activit\u00e9 physique Addiction Alimentation Sommeil Stress G\u00e9rer et vivre avec sa maladie<\/p>\n","protected":false},"author":1,"featured_media":0,"parent":0,"menu_order":0,"comment_status":"closed","ping_status":"closed","template":"","meta":{"rank_math_lock_modified_date":false,"_uag_custom_page_level_css":"","site-sidebar-layout":"no-sidebar","site-content-layout":"page-builder","ast-global-header-display":"","ast-banner-title-visibility":"","ast-main-header-display":"","ast-hfb-above-header-display":"","ast-hfb-below-header-display":"","ast-hfb-mobile-header-display":"","site-post-title":"disabled","ast-breadcrumbs-content":"","ast-featured-img":"disabled","footer-sml-layout":"","theme-transparent-header-meta":"default","adv-header-id-meta":"","stick-header-meta":"","header-above-stick-meta":"","header-main-stick-meta":"","header-below-stick-meta":"","footnotes":""},"class_list":["post-145","page","type-page","status-publish","hentry"],"uagb_featured_image_src":{"full":false,"thumbnail":false,"medium":false,"medium_large":false,"large":false,"1536x1536":false,"2048x2048":false},"uagb_author_info":{"display_name":"wkhaloui@Vivoptim-solutions.com","author_link":"https:\/\/vsm.vivoptim-solutions.com\/author\/wkhalouivivoptim-solutions-com"},"uagb_comment_info":0,"uagb_excerpt":"Nos th\u00e9matiques Activit\u00e9 physique Addiction Alimentation Sommeil Stress G\u00e9rer et vivre avec sa maladie","_links":{"self":[{"href":"https:\/\/vsm.vivoptim-solutions.com\/index.php?rest_route=\/wp\/v2\/pages\/145","targetHints":{"allow":["GET"]}}],"collection":[{"href":"https:\/\/vsm.vivoptim-solutions.com\/index.php?rest_route=\/wp\/v2\/pages"}],"about":[{"href":"https:\/\/vsm.vivoptim-solutions.com\/index.php?rest_route=\/wp\/v2\/types\/page"}],"author":[{"embeddable":true,"href":"https:\/\/vsm.vivoptim-solutions.com\/index.php?rest_route=\/wp\/v2\/users\/1"}],"replies":[{"embeddable":true,"href":"https:\/\/vsm.vivoptim-solutions.com\/index.php?rest_route=%2Fwp%2Fv2%2Fcomments&post=145"}],"version-history":[{"count":48,"href":"https:\/\/vsm.vivoptim-solutions.com\/index.php?rest_route=\/wp\/v2\/pages\/145\/revisions"}],"predecessor-version":[{"id":2248,"href":"https:\/\/vsm.vivoptim-solutions.com\/index.php?rest_route=\/wp\/v2\/pages\/145\/revisions\/2248"}],"wp:attachment":[{"href":"https:\/\/vsm.vivoptim-solutions.com\/index.php?rest_route=%2Fwp%2Fv2%2Fmedia&parent=145"}],"curies":[{"name":"wp","href":"https:\/\/api.w.org\/{rel}","templated":true}]}}